{"id":835,"date":"2023-02-05T11:09:43","date_gmt":"2023-02-05T10:09:43","guid":{"rendered":"https:\/\/vereinigung-professioneller-kinderfotografen.com\/gala\/?page_id=835"},"modified":"2025-01-21T18:11:03","modified_gmt":"2025-01-21T17:11:03","slug":"konzept","status":"publish","type":"page","link":"https:\/\/vereinigung-professioneller-kinderfotografen.com\/gala\/konzept\/","title":{"rendered":"Konzept"},"content":{"rendered":"[vc_row type=&#8220;full_width_content&#8220; full_screen_row_position=&#8220;middle&#8220; column_margin=&#8220;default&#8220; column_direction=&#8220;default&#8220; column_direction_tablet=&#8220;default&#8220; column_direction_phone=&#8220;default&#8220; scene_position=&#8220;center&#8220; constrain_group_9=&#8220;yes&#8220; constrain_group_10=&#8220;yes&#8220; text_color=&#8220;dark&#8220; text_align=&#8220;left&#8220; row_border_radius=&#8220;none&#8220; row_border_radius_applies=&#8220;bg&#8220; overflow=&#8220;visible&#8220; advanced_gradient_angle=&#8220;125&#8243; overlay_strength=&#8220;0.3&#8243; gradient_direction=&#8220;left_to_right&#8220; shape_divider_color=&#8220;#f0ece5&#8243; shape_divider_position=&#8220;bottom&#8220; shape_divider_height=&#8220;33%&#8220; bg_image_animation=&#8220;none&#8220; shape_type=&#8220;straight_section&#8220; gradient_type=&#8220;default&#8220;][vc_column column_padding=&#8220;no-extra-padding&#8220; column_padding_tablet=&#8220;inherit&#8220; column_padding_phone=&#8220;inherit&#8220; column_padding_position=&#8220;top&#8220; column_element_direction_desktop=&#8220;default&#8220; column_element_spacing=&#8220;default&#8220; desktop_text_alignment=&#8220;default&#8220; tablet_text_alignment=&#8220;default&#8220; phone_text_alignment=&#8220;default&#8220; background_color_opacity=&#8220;1&#8243; background_hover_color_opacity=&#8220;1&#8243; column_backdrop_filter=&#8220;none&#8220; column_shadow=&#8220;none&#8220; column_border_radius=&#8220;none&#8220; column_link_target=&#8220;_self&#8220; column_position=&#8220;default&#8220; advanced_gradient_angle=&#8220;0&#8243; gradient_direction=&#8220;left_to_right&#8220; overlay_strength=&#8220;0.3&#8243; width=&#8220;1\/1&#8243; tablet_width_inherit=&#8220;default&#8220; animation_type=&#8220;default&#8220; bg_image_animation=&#8220;none&#8220; border_type=&#8220;simple&#8220; column_border_width=&#8220;none&#8220; column_border_style=&#8220;solid&#8220; gradient_type=&#8220;default&#8220;][vc_row_inner equal_height=&#8220;yes&#8220; content_placement=&#8220;middle&#8220; column_margin=&#8220;none&#8220; column_direction=&#8220;default&#8220; column_direction_tablet=&#8220;default&#8220; column_direction_phone=&#8220;default&#8220; left_padding_desktop=&#8220;35%&#8220; constrain_group_2=&#8220;yes&#8220; right_padding_desktop=&#8220;35%&#8220; left_padding_tablet=&#8220;25%&#8220; constrain_group_4=&#8220;yes&#8220; right_padding_tablet=&#8220;25%&#8220; left_padding_phone=&#8220;12%&#8220; constrain_group_6=&#8220;yes&#8220; right_padding_phone=&#8220;12%&#8220; translate_y=&#8220;-50%&#8220; translate_x=&#8220;-50%&#8220; text_align=&#8220;left&#8220; min_width_desktop=&#8220;100%&#8220; row_position=&#8220;absolute&#8220; row_position_tablet=&#8220;inherit&#8220; row_position_phone=&#8220;inherit&#8220; top_position_desktop=&#8220;50%&#8220; left_position_desktop=&#8220;50%&#8220; zindex=&#8220;100&#8243; overflow=&#8220;visible&#8220; pointer_events=&#8220;none&#8220;][vc_column_inner column_padding=&#8220;no-extra-padding&#8220; column_padding_tablet=&#8220;inherit&#8220; column_padding_phone=&#8220;inherit&#8220; column_padding_position=&#8220;all&#8220; column_element_direction_desktop=&#8220;default&#8220; column_element_spacing=&#8220;0px&#8220; centered_text=&#8220;true&#8220; desktop_text_alignment=&#8220;default&#8220; tablet_text_alignment=&#8220;default&#8220; phone_text_alignment=&#8220;default&#8220; background_color_opacity=&#8220;1&#8243; background_hover_color_opacity=&#8220;1&#8243; column_backdrop_filter=&#8220;none&#8220; column_shadow=&#8220;none&#8220; column_border_radius=&#8220;none&#8220; column_link_target=&#8220;_self&#8220; overflow=&#8220;visible&#8220; advanced_gradient_angle=&#8220;0&#8243; gradient_direction=&#8220;left_to_right&#8220; overlay_strength=&#8220;0.3&#8243; width=&#8220;1\/1&#8243; tablet_width_inherit=&#8220;default&#8220; animation_type=&#8220;default&#8220; bg_image_animation=&#8220;none&#8220; border_type=&#8220;simple&#8220; column_border_width=&#8220;none&#8220; column_border_style=&#8220;solid&#8220; gradient_type=&#8220;default&#8220;][nectar_icon icon_family=&#8220;linea&#8220; enable_animation=&#8220;true&#8220; animation_speed=&#8220;medium&#8220; icon_style=&#8220;default&#8220; icon_color_type=&#8220;custom&#8220; icon_color_custom=&#8220;#f4ece2&#8243; icon_padding=&#8220;15px&#8220; pointer_events=&#8220;all&#8220; icon_linea=&#8220;icon-basic-compass&#8220;][split_line_heading animation_type=&#8220;line-reveal-by-space&#8220; font_style=&#8220;h2&#8243; text_color=&#8220;#ffffff&#8220; line_reveal_by_space_text_effect=&#8220;default&#8220; stagger_animation=&#8220;true&#8220; content_alignment=&#8220;center&#8220; mobile_content_alignment=&#8220;inherit&#8220; link_target=&#8220;_self&#8220; text_content=&#8220;DAS MACHT UNSER EVENT EINZIGARTIG&#8220; font_size=&#8220;3vw&#8220; font_size_tablet=&#8220;5vw&#8220; font_line_height=&#8220;1.3&#8243; font_size_phone=&#8220;38px&#8220;][\/split_line_heading][\/vc_column_inner][\/vc_row_inner][carousel script=&#8220;simple_slider&#8220; simple_slider_sizing=&#8220;aspect_ratio&#8220; simple_slider_aspect_ratio=&#8220;2-1&#8243; simple_slider_pagination_controls=&#8220;true&#8220; simple_slider_pagination_coloring=&#8220;light&#8220; simple_slider_pagination_alignment=&#8220;default&#8220; simple_slider_transition_type=&#8220;slide&#8220; simple_slider_parallax=&#8220;true&#8220; simple_slider_wrap=&#8220;true&#8220; simple_slider_min_height=&#8220;450&#8243;][item simple_slider_bg_image_url=&#8220;637&#8243; simple_slider_bg_image_position=&#8220;center-top&#8220; simple_slider_font_color=&#8220;#ffffff&#8220; simple_slider_color_overlay=&#8220;rgba(0,0,0,0.74)&#8220; simple_slider_overlay_strength=&#8220;0.3&#8243; simple_slider_bg_image_loading=&#8220;default&#8220; simple_slider_gradient_direction=&#8220;left_to_right&#8220; bg_image_url=&#8220;&#8220; bg_image_position=&#8220;default&#8220; image_url=&#8220;&#8220; id=&#8220;1737479457885-0&#8243; title=&#8220;Item&#8220; tab_id=&#8220;1737479457885-8&#8243;][vc_column_text][\/vc_column_text][\/item][item simple_slider_bg_image_url=&#8220;633&#8243; simple_slider_bg_image_position=&#8220;center-bottom&#8220; simple_slider_font_color=&#8220;#ffffff&#8220; simple_slider_color_overlay=&#8220;rgba(10,10,10,0.5)&#8220; simple_slider_overlay_strength=&#8220;0.3&#8243; simple_slider_bg_image_loading=&#8220;default&#8220; simple_slider_gradient_direction=&#8220;left_to_right&#8220; bg_image_url=&#8220;&#8220; bg_image_position=&#8220;default&#8220; image_url=&#8220;&#8220; id=&#8220;1737479457891-10&#8243; title=&#8220;Item&#8220; tab_id=&#8220;1737479457891-4&#8243;][vc_column_text][\/vc_column_text][\/item][item simple_slider_bg_image_url=&#8220;662&#8243; simple_slider_bg_image_position=&#8220;center-bottom&#8220; simple_slider_font_color=&#8220;#ffffff&#8220; simple_slider_color_overlay=&#8220;rgba(0,0,0,0.78)&#8220; simple_slider_overlay_strength=&#8220;0.3&#8243; simple_slider_bg_image_loading=&#8220;default&#8220; simple_slider_gradient_direction=&#8220;left_to_right&#8220; bg_image_url=&#8220;&#8220; bg_image_position=&#8220;default&#8220; image_url=&#8220;&#8220; id=&#8220;1737479457894-6&#8243; title=&#8220;Item&#8220; tab_id=&#8220;1737479457894-8&#8243;][vc_column_text][\/vc_column_text][\/item][item simple_slider_bg_image_url=&#8220;649&#8243; simple_slider_bg_image_position=&#8220;default&#8220; simple_slider_overlay_strength=&#8220;0.3&#8243; simple_slider_bg_image_loading=&#8220;default&#8220; title=&#8220;Anzahl&#8220; id=&#8220;1737479457897-1&#8243; tab_id=&#8220;1737479457898-7&#8243;][vc_column_text][\/vc_column_text][\/item][\/carousel][\/vc_column][\/vc_row][vc_row type=&#8220;full_width_background&#8220; full_screen_row_position=&#8220;middle&#8220; column_margin=&#8220;default&#8220; equal_height=&#8220;yes&#8220; content_placement=&#8220;middle&#8220; column_direction=&#8220;default&#8220; column_direction_tablet=&#8220;default&#8220; column_direction_phone=&#8220;default&#8220; scene_position=&#8220;center&#8220; top_padding=&#8220;8%&#8220; bottom_padding=&#8220;3%&#8220; text_color=&#8220;dark&#8220; text_align=&#8220;left&#8220; row_border_radius=&#8220;none&#8220; row_border_radius_applies=&#8220;bg&#8220; overflow=&#8220;visible&#8220; id=&#8220;steps&#8220; row_name=&#8220;Sign Up Steps&#8220; overlay_strength=&#8220;0.3&#8243; gradient_direction=&#8220;left_to_right&#8220; shape_divider_position=&#8220;bottom&#8220; bg_image_animation=&#8220;none&#8220; shape_type=&#8220;&#8220;][vc_column column_padding=&#8220;padding-2-percent&#8220; column_padding_tablet=&#8220;inherit&#8220; column_padding_phone=&#8220;inherit&#8220; column_padding_position=&#8220;top-bottom&#8220; column_element_direction_desktop=&#8220;default&#8220; column_element_spacing=&#8220;default&#8220; desktop_text_alignment=&#8220;default&#8220; tablet_text_alignment=&#8220;default&#8220; phone_text_alignment=&#8220;default&#8220; background_color_opacity=&#8220;1&#8243; background_hover_color_opacity=&#8220;1&#8243; column_backdrop_filter=&#8220;none&#8220; column_shadow=&#8220;none&#8220; column_border_radius=&#8220;none&#8220; column_link_target=&#8220;_self&#8220; column_position=&#8220;default&#8220; gradient_direction=&#8220;left_to_right&#8220; overlay_strength=&#8220;0.3&#8243; width=&#8220;1\/1&#8243; tablet_width_inherit=&#8220;default&#8220; animation_type=&#8220;default&#8220; bg_image_animation=&#8220;none&#8220; border_type=&#8220;simple&#8220; column_border_width=&#8220;none&#8220; column_border_style=&#8220;solid&#8220; offset=&#8220;vc_col-xs-12&#8243;][vc_row_inner equal_height=&#8220;yes&#8220; content_placement=&#8220;middle&#8220; column_margin=&#8220;default&#8220; column_direction=&#8220;default&#8220; column_direction_tablet=&#8220;default&#8220; column_direction_phone=&#8220;default&#8220; bottom_padding=&#8220;6%&#8220; text_align=&#8220;left&#8220; row_position=&#8220;default&#8220; row_position_tablet=&#8220;inherit&#8220; row_position_phone=&#8220;inherit&#8220; overflow=&#8220;visible&#8220; pointer_events=&#8220;all&#8220;][vc_column_inner column_padding=&#8220;no-extra-padding&#8220; column_padding_tablet=&#8220;inherit&#8220; column_padding_phone=&#8220;inherit&#8220; column_padding_position=&#8220;all&#8220; column_element_direction_desktop=&#8220;default&#8220; column_element_spacing=&#8220;default&#8220; desktop_text_alignment=&#8220;default&#8220; tablet_text_alignment=&#8220;default&#8220; phone_text_alignment=&#8220;default&#8220; background_color_opacity=&#8220;1&#8243; background_hover_color_opacity=&#8220;1&#8243; column_backdrop_filter=&#8220;none&#8220; column_shadow=&#8220;none&#8220; column_border_radius=&#8220;none&#8220; column_link_target=&#8220;_self&#8220; overflow=&#8220;visible&#8220; gradient_direction=&#8220;left_to_right&#8220; overlay_strength=&#8220;0.3&#8243; width=&#8220;1\/2&#8243; tablet_width_inherit=&#8220;default&#8220; animation_type=&#8220;default&#8220; bg_image_animation=&#8220;none&#8220; border_type=&#8220;simple&#8220; column_border_width=&#8220;none&#8220; column_border_style=&#8220;solid&#8220;][vc_custom_heading text=&#8220;Konzept&#8220; font_container=&#8220;tag:h5|text_align:left|color:rgba(0%2C0%2C0%2C0.78)&#8220; use_theme_fonts=&#8220;yes&#8220; css=&#8220;.vc_custom_1679786228211{margin-bottom: 10px !important;}&#8220;][nectar_highlighted_text color_type=&#8220;regular&#8220; highlight_color=&#8220;#a89c92&#8243; style=&#8220;half_text&#8220;]\n<h2 class=\"p2\">Durch\u00b4s \u201econnecten\u201c gehen viele T\u00fcren auf.<\/h2>\n[\/nectar_highlighted_text][\/vc_column_inner][vc_column_inner column_padding=&#8220;no-extra-padding&#8220; column_padding_tablet=&#8220;inherit&#8220; column_padding_phone=&#8220;inherit&#8220; column_padding_position=&#8220;all&#8220; column_element_direction_desktop=&#8220;default&#8220; column_element_spacing=&#8220;default&#8220; desktop_text_alignment=&#8220;default&#8220; tablet_text_alignment=&#8220;default&#8220; phone_text_alignment=&#8220;default&#8220; background_color_opacity=&#8220;1&#8243; background_hover_color_opacity=&#8220;1&#8243; column_backdrop_filter=&#8220;none&#8220; column_shadow=&#8220;none&#8220; column_border_radius=&#8220;none&#8220; column_link_target=&#8220;_self&#8220; overflow=&#8220;visible&#8220; gradient_direction=&#8220;left_to_right&#8220; overlay_strength=&#8220;0.3&#8243; width=&#8220;1\/2&#8243; tablet_width_inherit=&#8220;default&#8220; animation_type=&#8220;default&#8220; bg_image_animation=&#8220;none&#8220; border_type=&#8220;simple&#8220; column_border_width=&#8220;none&#8220; column_border_style=&#8220;solid&#8220;][\/vc_column_inner][\/vc_row_inner][\/vc_column][\/vc_row][vc_row type=&#8220;in_container&#8220; full_screen_row_position=&#8220;middle&#8220; column_margin=&#8220;default&#8220; column_direction=&#8220;default&#8220; column_direction_tablet=&#8220;default&#8220; column_direction_phone=&#8220;default&#8220; scene_position=&#8220;center&#8220; text_color=&#8220;dark&#8220; text_align=&#8220;left&#8220; row_border_radius=&#8220;none&#8220; row_border_radius_applies=&#8220;bg&#8220; overflow=&#8220;visible&#8220; overlay_strength=&#8220;0.3&#8243; gradient_direction=&#8220;left_to_right&#8220; shape_divider_position=&#8220;bottom&#8220; bg_image_animation=&#8220;none&#8220;][vc_column column_padding=&#8220;no-extra-padding&#8220; column_padding_tablet=&#8220;inherit&#8220; column_padding_phone=&#8220;inherit&#8220; column_padding_position=&#8220;all&#8220; column_element_direction_desktop=&#8220;default&#8220; column_element_spacing=&#8220;default&#8220; desktop_text_alignment=&#8220;default&#8220; tablet_text_alignment=&#8220;default&#8220; phone_text_alignment=&#8220;default&#8220; background_color_opacity=&#8220;1&#8243; background_hover_color_opacity=&#8220;1&#8243; column_backdrop_filter=&#8220;none&#8220; column_shadow=&#8220;none&#8220; column_border_radius=&#8220;none&#8220; column_link_target=&#8220;_self&#8220; column_position=&#8220;default&#8220; gradient_direction=&#8220;left_to_right&#8220; overlay_strength=&#8220;0.3&#8243; width=&#8220;1\/1&#8243; tablet_width_inherit=&#8220;default&#8220; animation_type=&#8220;default&#8220; bg_image_animation=&#8220;none&#8220; border_type=&#8220;simple&#8220; column_border_width=&#8220;none&#8220; column_border_style=&#8220;solid&#8220;][toggles style=&#8220;default&#8220; accordion=&#8220;true&#8220; accordion_starting_functionality=&#8220;closed&#8220; border_radius=&#8220;none&#8220;][toggle color=&#8220;Default&#8220; heading_tag=&#8220;default&#8220; heading_tag_functionality=&#8220;default&#8220; title=&#8220;Als Vereinigung von Fotografinnen im Bereich &#8230;&#8220;][vc_column_text]&#8230;<\/p>\n<p class=\"p2\">der Familien-, Baby-, Kinder- und Schwangerschaftsfotografie profitieren wir davon, uns untereinander auszutauschen. Sei es \u00fcber technisches, \u00fcber emotionales, \u00fcber Abl\u00e4ufe oder \u00fcber den Bezug neuer Requisiten. Dies wollen wir auch mit dir zusammen tun.<\/p>\n<p class=\"p2\">Lets Connect verfolgt, wie es der Name schon sagt, die Absicht, eine Plattform zu bieten, auf welcher eine geballte Ladung Wissen und Erfahren aufeinander trifft, um sich austauschen zu k\u00f6nnen. Durch das \u201econnecten\u201c gehen viele T\u00fcren auf. Sich inspirieren lassen, neue Sichtweisen kennenlernen oder Emotionen besser verstehen k\u00f6nnen. Dazu die M\u00f6glichkeit an der Messe Kameras, Objektive oder anderes Kamerazubeh\u00f6r anzusehen, zu testen und sich beraten lassen k\u00f6nnen.<\/p>\n[\/vc_column_text][vc_column_text][\/vc_column_text][\/toggle][toggle color=&#8220;Default&#8220; heading_tag=&#8220;default&#8220; heading_tag_functionality=&#8220;default&#8220; title=&#8220;Viele Prophersteller&#8230;&#8220;][vc_column_text]&#8230;<\/p>\n<p>die dir die neusten Requisiten pr\u00e4sentieren,<br \/>\nKleiderhersteller die dir ein neues Angebot f\u00fcr Shootingkleider bieten oder aber auch Software, die dir den Arbeitsalltag erleichtern k\u00f6nnen. Ein Tag voller engagierter Aussteller, die f\u00fcr deine Fragen und W\u00fcnsche da sind. Vieles davon kannst du kaufen und gleich mit nehmen und die neu gewonnene Inspiration bald umsetzten.<\/p>\n<p class=\"p2\">Vortr\u00e4ge mit unglaublich tollen Speakern, die Kernthemen aufgreifen, die dich ein Level weiter bringen. Egal wie viele Jahre Berufserfahrung du hast, ob du am Anfang stehst oder schon l\u00e4nger dein Business f\u00fchrst. Nie hat man ausgelernt, nie ist der eine Weg der einzig richtige.<\/p>\n<p class=\"p2\">Programmpunkte, die dich mit in eine andere Welt nehmen, die dir Einsicht in dieArbeit anderer geben, an welchen du unter anderem auch aktiv mitmachen kannst.<\/p>\n<p class=\"p2\">Zugegeben, dies alleine hebt Lets Connect noch nicht von anderen Messen ab.<br \/>\nWir wollen dir aber mehr bieten\u2026<\/p>\n[\/vc_column_text][\/toggle][toggle color=&#8220;Default&#8220; heading_tag=&#8220;default&#8220; heading_tag_functionality=&#8220;default&#8220; title=&#8220;Abends wollen wir die Zeit noch intensiver&#8230;&#8220;][vc_column_text]&#8230;famili\u00e4rer zusammen verbringen. Zusammen lecker essen, den Tag verarbeiten, Gespr\u00e4che f\u00fchren und lachen. Dabeisein, wenn wir die Rangverk\u00fcndigung unseres j\u00e4hrlichen Contest bekannt geben. Bilder von talentierten Fotograf*innen bestaunen, Emotionen teilen, wenn dein oder der Name eines\/er Kolleg\/in aufgerufen wird. Zusammen die Platzierungen und der\/die Fotograf\/in des Jahres ausgiebig feiern. Schon nur das Gef\u00fchl, eine Urkunde zu bekommen, wenn Kolleg*innen, die den Weg dahin kennen und diesen wertsch\u00e4tzen, dabei sind, ist wirklich emotional und unvergesslich.[\/vc_column_text][\/toggle][toggle color=&#8220;Default&#8220; heading_tag=&#8220;default&#8220; heading_tag_functionality=&#8220;default&#8220; title=&#8220;Auch dieser Moment&#8230;&#8220;][vc_column_text]&#8230; deine Urkunde oder gar einen Pokal auf der B\u00fchne zu holen, soll dir mehr geben, als eine Benachrichtigung \u00fcber eine Platzierung, die du per Mail erh\u00e4ltst. Du darfst deinen Erfolg oder den Erfolg deiner Kolleg\/innen f\u00fchlen und vor allem mit Gleichgesinnten feiern. Diesen Tag in einem feierlichen Rahmen, mit unglaublich tollen Menschen, ber\u00fchrenden Momenten und zum Schluss mit Tanz und viel Spa\u00df ausklingen lassen.<\/p>\n<p>Eine Messehalle erscheint uns nicht als diese R\u00e4umlichkeit, welche zu unserem Konzept passt, welche die M\u00f6glichkeiten bietet, welche wir beanspruchen und bieten wollen. Die Suche nach genau so einer Location ist nicht einfach, und wir sind gl\u00fccklich mit unserer Wahl. F\u00fcr einige bedeutet dies, einen langen Anfahrtsweg oder einen Flug zu buchen.[\/vc_column_text][\/toggle][toggle color=&#8220;Default&#8220; heading_tag=&#8220;default&#8220; heading_tag_functionality=&#8220;default&#8220; title=&#8220;Da wir aber Fotografen*innen aus dem ganzen deutschsprachigen Raum ansprechen&#8230;&#8220;][vc_column_text]&#8230; und mittlerweile nicht nur aus Deutschland, der Schweiz oder \u00d6sterreich Besucher\/innen begr\u00fc\u00dfen d\u00fcrfen, wird es immer einen Ort geben, welcher f\u00fcr jemanden eine l\u00e4ngere Anfahrt bedeutet. Uns ist es wichtig, dass du dich rundum wohlf\u00fchlst und wir dir etwas bieten k\u00f6nnen, was du sonst nirgends erleben kannst. Darum findet unser Event im Best Western Hotel in Bad Lippspringe statt, so dass man sich im Hotel nach Lust und Laune bewegen, zur\u00fcckziehen, lange feiern und am Ende ins Bett rollen kann. Wir sehen dies als M\u00f6glichkeit, dir ein unvergessliches Wochenende zu bieten, welches sich um diesen Tag und schlussendlich um DICH zusammen dreht. Ein Wochenende, welches dir die M\u00f6glichkeit gibt, dich mit bereits gewonnenen Freunden zu treffen, neue Kolleg*innen kennenzulernen, Synergien zu schaffen oder neue Freundschaften zukn\u00fcpfen.[\/vc_column_text][\/toggle][toggle color=&#8220;Default&#8220; heading_tag=&#8220;default&#8220; heading_tag_functionality=&#8220;default&#8220; title=&#8220;Das Hotel als Ausrichtungsort gibt dir aber auch die M\u00f6glichkeiten &#8230;&#8220;][vc_column_text]&#8230;<\/p>\n<p>dich zur\u00fcckzuziehen, mit Bekanntschaften in einer ruhigen Ecke oder in der Sauna zu sitzen und zu quatschen. Du kannst dich an diesem Wochenende ausruhen, vom Alltag fliehen und dir ein Wochenende g\u00f6nnen, um gest\u00e4rkt und voller Inspiration wieder zur\u00fcck nach Hause zu kehren. Die Besucher\/innen, mit l\u00e4ngerer Anfahrt, reisen oft schon freitags an und genie\u00dfen den Tag z.B. im Wellnessbereich des Hotels. Es ist somit DIE M\u00f6glichkeit, eine wunderbare, emotionale, inspirierende und entspannte Auszeit f\u00fcr dich zu nehmen. Egal ob du die Auszeit privat oder f\u00fcr deine Arbeit brauchst. Denn DU bist DEINE Arbeit und bist es wert, dir und deinem Business eine\u201eAuszeit\u201c zu g\u00f6nnen![\/vc_column_text][nectar_responsive_text][\/nectar_responsive_text][\/toggle][\/toggles][\/vc_column][\/vc_row]\n","protected":false},"excerpt":{"rendered":"<p>[vc_row type=&#8220;full_width_content&#8220; full_screen_row_position=&#8220;middle&#8220; column_margin=&#8220;default&#8220; column_direction=&#8220;default&#8220; column_direction_tablet=&#8220;default&#8220; column_direction_phone=&#8220;default&#8220; scene_position=&#8220;center&#8220; constrain_group_9=&#8220;yes&#8220; constrain_group_10=&#8220;yes&#8220; text_color=&#8220;dark&#8220; text_align=&#8220;left&#8220; row_border_radius=&#8220;none&#8220; row_border_radius_applies=&#8220;bg&#8220; overflow=&#8220;visible&#8220; advanced_gradient_angle=&#8220;125&#8243; overlay_strength=&#8220;0.3&#8243; gradient_direction=&#8220;left_to_right&#8220; shape_divider_color=&#8220;#f0ece5&#8243; shape_divider_position=&#8220;bottom&#8220; shape_divider_height=&#8220;33%&#8220; bg_image_animation=&#8220;none&#8220; shape_type=&#8220;straight_section&#8220; gradient_type=&#8220;default&#8220;][vc_column column_padding=&#8220;no-extra-padding&#8220; column_padding_tablet=&#8220;inherit&#8220; column_padding_phone=&#8220;inherit&#8220; column_padding_position=&#8220;top&#8220; column_element_direction_desktop=&#8220;default&#8220; column_element_spacing=&#8220;default&#8220;&#8230;<\/p>\n","protected":false},"author":1,"featured_media":0,"parent":0,"menu_order":0,"comment_status":"closed","ping_status":"closed","template":"","meta":{"_acf_changed":false,"footnotes":""},"class_list":["post-835","page","type-page","status-publish"],"acf":[],"_links":{"self":[{"href":"https:\/\/vereinigung-professioneller-kinderfotografen.com\/gala\/wp-json\/wp\/v2\/pages\/835","targetHints":{"allow":["GET"]}}],"collection":[{"href":"https:\/\/vereinigung-professioneller-kinderfotografen.com\/gala\/wp-json\/wp\/v2\/pages"}],"about":[{"href":"https:\/\/vereinigung-professioneller-kinderfotografen.com\/gala\/wp-json\/wp\/v2\/types\/page"}],"author":[{"embeddable":true,"href":"https:\/\/vereinigung-professioneller-kinderfotografen.com\/gala\/wp-json\/wp\/v2\/users\/1"}],"replies":[{"embeddable":true,"href":"https:\/\/vereinigung-professioneller-kinderfotografen.com\/gala\/wp-json\/wp\/v2\/comments?post=835"}],"version-history":[{"count":10,"href":"https:\/\/vereinigung-professioneller-kinderfotografen.com\/gala\/wp-json\/wp\/v2\/pages\/835\/revisions"}],"predecessor-version":[{"id":2669,"href":"https:\/\/vereinigung-professioneller-kinderfotografen.com\/gala\/wp-json\/wp\/v2\/pages\/835\/revisions\/2669"}],"wp:attachment":[{"href":"https:\/\/vereinigung-professioneller-kinderfotografen.com\/gala\/wp-json\/wp\/v2\/media?parent=835"}],"curies":[{"name":"wp","href":"https:\/\/api.w.org\/{rel}","templated":true}]}}